{"id":366,"date":"2021-01-30T20:24:16","date_gmt":"2021-01-30T20:24:16","guid":{"rendered":"http:\/\/www.wassermeister.nrw\/?page_id=366"},"modified":"2021-05-25T00:12:11","modified_gmt":"2021-05-24T22:12:11","slug":"impressum","status":"publish","type":"page","link":"https:\/\/www.WasserMeister.nrw\/wassermeister-nrw\/impressum\/","title":{"rendered":"Impressum"},"content":{"rendered":"\t\t<div data-elementor-type=\"wp-page\" data-elementor-id=\"366\" class=\"elementor elementor-366\">\n\t\t\t\t\t\t<section class=\"elementor-section elementor-top-section elementor-element elementor-element-3aefa15 elementor-section-full_width elementor-section-content-bottom elementor-section-height-default elementor-section-height-default\" data-id=\"3aefa15\" data-element_type=\"section\" data-e-type=\"section\">\n\t\t\t\t\t\t\t<div class=\"elementor-background-overlay\"><\/div>\n\t\t\t\t\t\t\t<div class=\"elementor-container elementor-column-gap-default\">\n\t\t\t\t\t<div class=\"elementor-column elementor-col-33 elementor-top-column elementor-element elementor-element-46aff4b2\" data-id=\"46aff4b2\" data-element_type=\"column\" data-e-type=\"column\" data-settings=\"{&quot;background_background&quot;:&quot;classic&quot;}\">\n\t\t\t<div class=\"elementor-widget-wrap elementor-element-populated\">\n\t\t\t\t\t\t<div class=\"elementor-element elementor-element-d6bfb8a elementor-widget elementor-widget-image\" data-id=\"d6bfb8a\" data-element_type=\"widget\" data-e-type=\"widget\" data-widget_type=\"image.default\">\n\t\t\t\t<div class=\"elementor-widget-container\">\n\t\t\t\t\t\t\t\t\t\t\t\t\t\t\t<img decoding=\"async\" width=\"300\" height=\"150\" src=\"https:\/\/www.WasserMeister.nrw\/wp-content\/uploads\/2021\/01\/nmheader_logo_web-300x150.jpg\" class=\"attachment-medium size-medium wp-image-49\" alt=\"\" srcset=\"https:\/\/www.WasserMeister.nrw\/wp-content\/uploads\/2021\/01\/nmheader_logo_web-300x150.jpg 300w, https:\/\/www.WasserMeister.nrw\/wp-content\/uploads\/2021\/01\/nmheader_logo_web.jpg 454w\" sizes=\"(max-width: 300px) 100vw, 300px\" \/>\t\t\t\t\t\t\t\t\t\t\t\t\t\t\t<\/div>\n\t\t\t\t<\/div>\n\t\t\t\t\t<\/div>\n\t\t<\/div>\n\t\t\t\t<div class=\"elementor-column elementor-col-33 elementor-top-column elementor-element elementor-element-62da7308\" data-id=\"62da7308\" data-element_type=\"column\" data-e-type=\"column\" data-settings=\"{&quot;background_background&quot;:&quot;classic&quot;}\">\n\t\t\t<div class=\"elementor-widget-wrap elementor-element-populated\">\n\t\t\t\t\t\t<div class=\"elementor-element elementor-element-5b7cad3b elementor-widget elementor-widget-image\" data-id=\"5b7cad3b\" data-element_type=\"widget\" data-e-type=\"widget\" data-widget_type=\"image.default\">\n\t\t\t\t<div class=\"elementor-widget-container\">\n\t\t\t\t\t\t\t\t\t\t\t\t\t\t\t<img fetchpriority=\"high\" decoding=\"async\" width=\"591\" height=\"591\" src=\"https:\/\/www.WasserMeister.nrw\/wp-content\/uploads\/2021\/01\/Logo_Wassermeisterrand.png\" class=\"attachment-large size-large wp-image-456\" alt=\"\" srcset=\"https:\/\/www.WasserMeister.nrw\/wp-content\/uploads\/2021\/01\/Logo_Wassermeisterrand.png 591w, https:\/\/www.WasserMeister.nrw\/wp-content\/uploads\/2021\/01\/Logo_Wassermeisterrand-300x300.png 300w, https:\/\/www.WasserMeister.nrw\/wp-content\/uploads\/2021\/01\/Logo_Wassermeisterrand-150x150.png 150w\" sizes=\"(max-width: 591px) 100vw, 591px\" \/>\t\t\t\t\t\t\t\t\t\t\t\t\t\t\t<\/div>\n\t\t\t\t<\/div>\n\t\t\t\t\t<\/div>\n\t\t<\/div>\n\t\t\t\t<div class=\"elementor-column elementor-col-33 elementor-top-column elementor-element elementor-element-4ce9198 elementor-hidden-tablet elementor-hidden-phone\" data-id=\"4ce9198\" data-element_type=\"column\" data-e-type=\"column\" data-settings=\"{&quot;background_background&quot;:&quot;classic&quot;}\">\n\t\t\t<div class=\"elementor-widget-wrap elementor-element-populated\">\n\t\t\t\t\t\t<div class=\"elementor-element elementor-element-54968771 elementor-widget-tablet__width-inherit elementor-widget__width-inherit elementor-absolute elementor-widget elementor-widget-heading\" data-id=\"54968771\" data-element_type=\"widget\" data-e-type=\"widget\" data-settings=\"{&quot;_position&quot;:&quot;absolute&quot;}\" data-widget_type=\"heading.default\">\n\t\t\t\t<div class=\"elementor-widget-container\">\n\t\t\t\t\t<h3 class=\"elementor-heading-title elementor-size-default\">INFO TELEFON: 0211 - 39 10 55<br><\/h3>\t\t\t\t<\/div>\n\t\t\t\t<\/div>\n\t\t\t\t\t<\/div>\n\t\t<\/div>\n\t\t\t\t\t<\/div>\n\t\t<\/section>\n\t\t\t\t<section class=\"elementor-section elementor-top-section elementor-element elementor-element-6097f95 elementor-section-boxed elementor-section-height-default elementor-section-height-default\" data-id=\"6097f95\" data-element_type=\"section\" data-e-type=\"section\">\n\t\t\t\t\t\t<div class=\"elementor-container elementor-column-gap-default\">\n\t\t\t\t\t<div class=\"elementor-column elementor-col-100 elementor-top-column elementor-element elementor-element-44843b7\" data-id=\"44843b7\" data-element_type=\"column\" data-e-type=\"column\">\n\t\t\t<div class=\"elementor-widget-wrap elementor-element-populated\">\n\t\t\t\t\t\t<div class=\"elementor-element elementor-element-2dac401 elementor-widget elementor-widget-text-editor\" data-id=\"2dac401\" data-element_type=\"widget\" data-e-type=\"widget\" data-widget_type=\"text-editor.default\">\n\t\t\t\t<div class=\"elementor-widget-container\">\n\t\t\t\t\t\t\t\t\t<p style=\"border: 0px; margin-right: 0px; margin-bottom: 0px; margin-left: 0px; line-height: 26px;\">\u00a0<\/p><p style=\"border: 0px; margin-right: 0px; margin-bottom: 0px; margin-left: 0px; line-height: 26px;\"><strong><span style=\"color: #555555; font-family: Source Sans Pro, sans-serif;\"><span style=\"font-size: 18px;\">Postanschrift\u2028<\/span><\/span><\/strong><\/p><p style=\"border: 0px; margin-right: 0px; margin-bottom: 0px; margin-left: 0px; line-height: 26px;\"><span style=\"color: #555555; font-family: Source Sans Pro, sans-serif;\"><span style=\"font-size: 18px;\">Niepmann GmbH\u2028<\/span><\/span><\/p><p style=\"border: 0px; margin-right: 0px; margin-bottom: 0px; margin-left: 0px; line-height: 26px;\"><span style=\"color: #555555; font-family: Source Sans Pro, sans-serif;\"><span style=\"font-size: 18px;\">Volmerswerther Stra\u00dfe 43<\/span><\/span><\/p><p style=\"border: 0px; margin-right: 0px; margin-bottom: 0px; margin-left: 0px; line-height: 26px;\"><span style=\"color: #555555; font-family: Source Sans Pro, sans-serif;\"><span style=\"font-size: 18px;\">\u202840221 D\u00fcsseldorf\u2028<\/span><\/span><\/p><p style=\"border: 0px; margin-right: 0px; margin-bottom: 0px; margin-left: 0px; line-height: 26px;\"><span style=\"color: #555555; font-family: Source Sans Pro, sans-serif;\"><span style=\"font-size: 18px;\">E-Mail: niepmann@niepmann.gmbh<\/span><\/span><\/p><p style=\"border: 0px; margin-right: 0px; margin-bottom: 0px; margin-left: 0px; line-height: 26px;\"><span style=\"color: #555555; font-family: Source Sans Pro, sans-serif;\"><span style=\"font-size: 18px;\">Telefon: +49 211 39 10 55<\/span><\/span><\/p><p style=\"border: 0px; margin-right: 0px; margin-bottom: 0px; margin-left: 0px; line-height: 26px;\"><span style=\"color: #555555; font-family: Source Sans Pro, sans-serif;\"><span style=\"font-size: 18px;\">Telefax: +49 211 39 82 43 5<\/span><\/span><\/p><p style=\"border: 0px; margin-right: 0px; margin-bottom: 0px; margin-left: 0px; line-height: 26px;\"><span style=\"color: #555555; font-family: Source Sans Pro, sans-serif;\"><span style=\"font-size: 18px;\">\u00a0<\/span><\/span><\/p><p style=\"border: 0px; margin-right: 0px; margin-bottom: 0px; margin-left: 0px; line-height: 26px;\"><strong><span style=\"color: #555555; font-family: Source Sans Pro, sans-serif;\"><span style=\"font-size: 18px;\">Vertretungsberechtigter Gesch\u00e4ftsf\u00fchrer\u00a0<\/span><\/span><\/strong><\/p><p style=\"border: 0px; margin-right: 0px; margin-bottom: 0px; margin-left: 0px; line-height: 26px;\"><strong><span style=\"color: #555555; font-family: Source Sans Pro, sans-serif;\"><span style=\"font-size: 18px;\">und\u00a0<\/span><\/span><span style=\"font-size: 18px; color: #555555; font-family: 'Source Sans Pro', sans-serif;\">Registergericht:<\/span><\/strong><\/p><p style=\"border: 0px; margin-right: 0px; margin-bottom: 0px; margin-left: 0px; line-height: 26px;\"><span style=\"color: #555555; font-family: Source Sans Pro, sans-serif;\"><span style=\"font-size: 18px;\">Christian Klemm (Anschrift wie oben)\u2028<\/span><\/span><\/p><p style=\"border: 0px; margin-right: 0px; margin-bottom: 0px; margin-left: 0px; line-height: 26px;\"><span style=\"color: #555555; font-family: Source Sans Pro, sans-serif;\"><span style=\"font-size: 18px;\">Amtsgericht D\u00fcsseldorf, HRB 52900<\/span><\/span><\/p><p style=\"border: 0px; margin-right: 0px; margin-bottom: 0px; margin-left: 0px; line-height: 26px;\"><span style=\"color: #555555; font-family: Source Sans Pro, sans-serif;\"><span style=\"font-size: 18px;\">\u00a0<\/span><\/span><\/p><p style=\"border: 0px; margin-right: 0px; margin-bottom: 0px; margin-left: 0px; line-height: 26px;\"><span style=\"color: #555555; font-family: Source Sans Pro, sans-serif;\"><span style=\"font-size: 18px;\"><b>Kammer \/ Innung \/ Berufsgenossenschaft:<\/b><\/span><\/span><\/p><p style=\"border: 0px; margin-right: 0px; margin-bottom: 0px; margin-left: 0px; line-height: 26px;\"><span style=\"color: #555555; font-family: Source Sans Pro, sans-serif;\"><span style=\"font-size: 18px;\">Handwerkskammer D\u00fcsseldorf,\u00a0<\/span><\/span><\/p><p style=\"border: 0px; margin-right: 0px; margin-bottom: 0px; margin-left: 0px; line-height: 26px;\"><span style=\"color: #555555; font-family: Source Sans Pro, sans-serif;\"><span style=\"font-size: 18px;\">Betriebsnummer 1710053\u2028<\/span><\/span><\/p><p style=\"border: 0px; margin-right: 0px; margin-bottom: 0px; margin-left: 0px; line-height: 26px;\"><span style=\"color: #555555; font-family: Source Sans Pro, sans-serif;\"><span style=\"font-size: 18px;\">Mitgliedsnummer Berufsgenossenschaft 600873260 (05111)<\/span><\/span><\/p><p style=\"border: 0px; margin-right: 0px; margin-bottom: 0px; margin-left: 0px; line-height: 26px;\"><span style=\"color: #555555; font-family: Source Sans Pro, sans-serif;\"><span style=\"font-size: 18px;\">\u00a0<\/span><\/span><\/p><p style=\"border: 0px; margin-right: 0px; margin-bottom: 0px; margin-left: 0px; line-height: 26px;\"><span style=\"color: #555555; font-family: Source Sans Pro, sans-serif;\"><span style=\"font-size: 18px;\"><b>Inhaltlich verantwortlich gem\u00e4\u00df \u00a7 10 Abs.3 MDStV:\u2028<\/b><\/span><\/span><\/p><p style=\"border: 0px; margin-right: 0px; margin-bottom: 0px; margin-left: 0px; line-height: 26px;\"><span style=\"color: #555555; font-family: Source Sans Pro, sans-serif;\"><span style=\"font-size: 18px;\">Christian Klemm (Anschrift wie oben)<\/span><\/span><\/p><p style=\"border: 0px; margin-right: 0px; margin-bottom: 0px; margin-left: 0px; line-height: 26px;\"><span style=\"color: #555555; font-family: Source Sans Pro, sans-serif;\"><span style=\"font-size: 18px;\">\u00a0<\/span><\/span><\/p><p style=\"border: 0px; margin-right: 0px; margin-bottom: 0px; margin-left: 0px; line-height: 26px;\"><span style=\"color: #555555; font-family: Source Sans Pro, sans-serif;\"><span style=\"font-size: 18px;\"><b>Umsatzsteuer-Identifikationsnummer gem. \u00a727a UStG:<\/b><\/span><\/span><\/p><p style=\"border: 0px; margin-right: 0px; margin-bottom: 0px; margin-left: 0px; line-height: 26px;\"><span style=\"color: #555555; font-family: Source Sans Pro, sans-serif;\"><span style=\"font-size: 18px;\">DE246798128<\/span><\/span><\/p><p style=\"border: 0px; margin-right: 0px; margin-bottom: 0px; margin-left: 0px; line-height: 26px;\"><span style=\"color: #555555; font-family: Source Sans Pro, sans-serif;\"><span style=\"font-size: 18px;\">\u00a0<\/span><\/span><\/p><p style=\"border: 0px; margin-right: 0px; margin-bottom: 0px; margin-left: 0px; line-height: 26px;\"><span style=\"color: #555555; font-family: Source Sans Pro, sans-serif;\"><span style=\"font-size: 18px;\"><b>Mitgliedschaften<\/b><\/span><\/span><\/p><p style=\"border: 0px; margin-right: 0px; margin-bottom: 0px; margin-left: 0px; line-height: 26px;\"><span style=\"color: #555555; font-family: Source Sans Pro, sans-serif;\"><span style=\"font-size: 18px;\">Mitglied der Innung Sanit\u00e4r Heizung Klima D\u00fcsseldorf \u2028http:\/\/shk-duesseldorf.de\/<\/span><\/span><\/p><p style=\"border: 0px; margin-right: 0px; margin-bottom: 0px; margin-left: 0px; line-height: 26px;\"><span style=\"color: #555555; font-family: Source Sans Pro, sans-serif;\"><span style=\"font-size: 18px;\">Mitglied im Fachverband SHK NRW \u2028http:\/\/shk-nrw.de\/<\/span><\/span><\/p><p style=\"border: 0px; margin-right: 0px; margin-bottom: 0px; margin-left: 0px; line-height: 26px;\"><span style=\"color: #555555; font-family: Source Sans Pro, sans-serif;\"><span style=\"font-size: 18px;\">Eingetragen im Installateurverzeichnis der Netzgesellschaft D\u00fcsseldorf mbh\u00a0<\/span><\/span><\/p><p style=\"border: 0px; margin-right: 0px; margin-bottom: 0px; margin-left: 0px; line-height: 26px;\"><span style=\"color: #555555; font-family: Source Sans Pro, sans-serif;\"><span style=\"font-size: 18px;\">https:\/\/www.netz-duesseldorf.de<\/span><\/span><\/p><p style=\"border: 0px; margin-right: 0px; margin-bottom: 0px; margin-left: 0px; line-height: 26px;\"><span style=\"color: #555555; font-family: Source Sans Pro, sans-serif;\"><span style=\"font-size: 18px;\">\u00a0<\/span><\/span><\/p><p style=\"border: 0px; margin-right: 0px; margin-bottom: 0px; margin-left: 0px; line-height: 26px;\"><span style=\"color: #555555; font-family: Source Sans Pro, sans-serif;\"><span style=\"font-size: 18px;\"><b>Schlichtungen<\/b><\/span><\/span><\/p><p style=\"border: 0px; margin-right: 0px; margin-bottom: 0px; margin-left: 0px; line-height: 26px;\"><span style=\"color: #555555; font-family: Source Sans Pro, sans-serif;\"><span style=\"font-size: 18px;\">Die Niepmann GmbH beteiligt sich nicht an Verbraucherschlichtungsverfahren nach dem Verbraucherstreitbeilegungsgesetz.\u2028Streitigkeiten \u00fcber den geschlossenen Vertrag und dessen Ausf\u00fchrung k\u00f6nnen der Innung Sanit\u00e4r Heizung Klima D\u00fcsseldorf c\/o Kreishandwerkerschaft D\u00fcsseldorf, Klosterstr. 75, 40211 D\u00fcsseldorf vorgetragen werden.<\/span><\/span><\/p><p style=\"border: 0px; margin-right: 0px; margin-bottom: 0px; margin-left: 0px; line-height: 26px;\"><span style=\"color: #555555; font-family: Source Sans Pro, sans-serif;\"><span style=\"font-size: 18px;\">Fotonachweis\u2028Niepmann GmbH,\u00a0<\/span><\/span><\/p><p style=\"border: 0px; margin-right: 0px; margin-bottom: 0px; margin-left: 0px; line-height: 26px;\"><span style=\"color: #555555; font-family: Source Sans Pro, sans-serif;\"><span style=\"font-size: 18px;\">\u00a0<\/span><\/span><\/p><p style=\"border: 0px; margin-right: 0px; margin-bottom: 0px; margin-left: 0px; line-height: 26px;\"><span style=\"color: #555555; font-family: Source Sans Pro, sans-serif;\"><span style=\"font-size: 18px;\"><b>Freistellungsbescheinigung<\/b><\/span><\/span><\/p><p style=\"border: 0px; margin-right: 0px; margin-bottom: 0px; margin-left: 0px; line-height: 26px;\"><span style=\"color: #555555; font-family: Source Sans Pro, sans-serif;\"><span style=\"font-size: 18px;\">Unsere aktuelle Freistellungsbescheinigung als PDF\u00a0<\/span><\/span><\/p><p style=\"border: 0px; margin-right: 0px; margin-bottom: 0px; margin-left: 0px; line-height: 26px;\"><span style=\"color: #555555; font-family: Source Sans Pro, sans-serif;\"><span style=\"font-size: 18px;\">finden Sie hier zum herunterladen:\u2028\u00a0<\/span><\/span><span style=\"font-size: 18px; color: #555555; font-family: 'Source Sans Pro', sans-serif;\">Freistellungsbescheinigung<\/span><\/p><p style=\"border: 0px; margin-right: 0px; margin-bottom: 0px; margin-left: 0px; line-height: 26px;\"><span style=\"color: #555555; font-family: Source Sans Pro, sans-serif;\"><span style=\"font-size: 18px;\">Nachweis zur Steuerschuldnerschaft Bauleistung<\/span><\/span><\/p><p style=\"border: 0px; margin-right: 0px; margin-bottom: 0px; margin-left: 0px; line-height: 26px;\"><span style=\"color: #555555; font-family: Source Sans Pro, sans-serif;\"><span style=\"font-size: 18px;\">Unsere aktuelle Nachweis zur Steuerschuldnerschaft als PDF\u00a0<\/span><\/span><\/p><p style=\"border: 0px; margin-right: 0px; margin-bottom: 0px; margin-left: 0px; line-height: 26px;\"><span style=\"color: #555555; font-family: Source Sans Pro, sans-serif;\"><span style=\"font-size: 18px;\">finden Sie hier zum herunterladen:\u2028Steuerschuld_Nachweis<\/span><\/span><\/p><p style=\"border: 0px; margin-right: 0px; margin-bottom: 0px; margin-left: 0px; line-height: 26px;\"><span style=\"color: #555555; font-family: Source Sans Pro, sans-serif;\"><span style=\"font-size: 18px;\">\u00a0<\/span><\/span><\/p><p style=\"border: 0px; margin-right: 0px; margin-bottom: 0px; margin-left: 0px; line-height: 26px;\"><span style=\"color: #555555; font-family: Source Sans Pro, sans-serif;\"><span style=\"font-size: 18px;\"><b>Hinweise zum Impressum<\/b><\/span><\/span><\/p><p style=\"border: 0px; margin-right: 0px; margin-bottom: 0px; margin-left: 0px; line-height: 26px;\"><span style=\"color: #555555; font-family: Source Sans Pro, sans-serif;\"><span style=\"font-size: 18px;\">Deutsche Gesetze verlangen umfangreiche Angaben zum Betreiber der jeweiligen Webseiten. Diese Pflichtangaben sind in einem Impressum auszuweisen.\u00a0<\/span><\/span><span style=\"font-size: 18px; color: #555555; font-family: 'Source Sans Pro', sans-serif;\">Der Link zum Impressum muss, entsprechend der deutschen Rechtsprechung, von jeder Seite eines Internetauftritts, m\u00f6glichst ohne zu scrollen, erreichbar sein. Daher ist die Standardposition des Impressum-Links der letzte Men\u00fcpunkt innerhalb der Webseite der Niepmann GmbH\/ D\u00fcsseldorf.\u00a0<\/span><span style=\"font-size: 18px; color: #555555; font-family: 'Source Sans Pro', sans-serif;\">Die Verwendung der Kontaktdaten des Impressums zur gewerblichen Nutzung ist ausdr\u00fccklich nicht erw\u00fcnscht, es sei denn, die Niepmann GmbH \/ D\u00fcsseldorf bzw. die genannte(n) Persone(n) hatte(n) zuvor eine schriftliche Einwilligung erteilt oder es besteht eine Gesch\u00e4ftsbeziehung.\u00a0<\/span><span style=\"font-size: 18px; color: #555555; font-family: 'Source Sans Pro', sans-serif;\">Die Niepmann GmbH sowie die genannte(n) Person(en) widersprechen hiermit jeder kommerziellen Verwendung und Weitergabe ihrer Daten.<\/span><\/p><div>\u00a0<\/div>\t\t\t\t\t\t\t\t<\/div>\n\t\t\t\t<\/div>\n\t\t\t\t\t<\/div>\n\t\t<\/div>\n\t\t\t\t\t<\/div>\n\t\t<\/section>\n\t\t\t\t<\/div>\n\t\t","protected":false},"excerpt":{"rendered":"<p>INFO TELEFON: 0211 &#8211; 39 10 55 \u00a0 Postanschrift\u2028 Niepmann GmbH\u2028 Volmerswerther Stra\u00dfe 43 \u202840221 D\u00fcsseldorf\u2028 E-Mail: niepmann@niepmann.gmbh Telefon: +49 211 39 10 55 Telefax: +49 211 39 82 43 5 \u00a0 Vertretungsberechtigter Gesch\u00e4ftsf\u00fchrer\u00a0 und\u00a0Registergericht: Christian Klemm (Anschrift wie oben)\u2028 Amtsgericht D\u00fcsseldorf, HRB 52900 \u00a0 Kammer \/ Innung \/ Berufsgenossenschaft: Handwerkskammer D\u00fcsseldorf,\u00a0 Betriebsnummer 1710053\u2028 Mitgliedsnummer [&hellip;]<\/p>\n","protected":false},"author":2,"featured_media":0,"parent":0,"menu_order":0,"comment_status":"closed","ping_status":"closed","template":"elementor_canvas","meta":{"footnotes":""},"class_list":["post-366","page","type-page","status-publish","hentry"],"_links":{"self":[{"href":"https:\/\/www.WasserMeister.nrw\/wassermeister-nrw\/wp-json\/wp\/v2\/pages\/366","targetHints":{"allow":["GET"]}}],"collection":[{"href":"https:\/\/www.WasserMeister.nrw\/wassermeister-nrw\/wp-json\/wp\/v2\/pages"}],"about":[{"href":"https:\/\/www.WasserMeister.nrw\/wassermeister-nrw\/wp-json\/wp\/v2\/types\/page"}],"author":[{"embeddable":true,"href":"https:\/\/www.WasserMeister.nrw\/wassermeister-nrw\/wp-json\/wp\/v2\/users\/2"}],"replies":[{"embeddable":true,"href":"https:\/\/www.WasserMeister.nrw\/wassermeister-nrw\/wp-json\/wp\/v2\/comments?post=366"}],"version-history":[{"count":35,"href":"https:\/\/www.WasserMeister.nrw\/wassermeister-nrw\/wp-json\/wp\/v2\/pages\/366\/revisions"}],"predecessor-version":[{"id":1036,"href":"https:\/\/www.WasserMeister.nrw\/wassermeister-nrw\/wp-json\/wp\/v2\/pages\/366\/revisions\/1036"}],"wp:attachment":[{"href":"https:\/\/www.WasserMeister.nrw\/wassermeister-nrw\/wp-json\/wp\/v2\/media?parent=366"}],"curies":[{"name":"wp","href":"https:\/\/api.w.org\/{rel}","templated":true}]}}