{"id":370,"date":"2021-01-30T20:26:35","date_gmt":"2021-01-30T20:26:35","guid":{"rendered":"http:\/\/www.wassermeister.nrw\/?page_id=370"},"modified":"2021-05-25T00:14:13","modified_gmt":"2021-05-24T22:14:13","slug":"datenschutz","status":"publish","type":"page","link":"https:\/\/www.WasserMeister.nrw\/wassermeister-nrw\/datenschutz\/","title":{"rendered":"Datenschutz"},"content":{"rendered":"\t\t<div data-elementor-type=\"wp-page\" data-elementor-id=\"370\" class=\"elementor elementor-370\">\n\t\t\t\t\t\t<section class=\"elementor-section elementor-top-section elementor-element elementor-element-25e37b1a elementor-section-full_width elementor-section-content-bottom elementor-section-height-default elementor-section-height-default\" data-id=\"25e37b1a\" data-element_type=\"section\" data-e-type=\"section\">\n\t\t\t\t\t\t\t<div class=\"elementor-background-overlay\"><\/div>\n\t\t\t\t\t\t\t<div class=\"elementor-container elementor-column-gap-default\">\n\t\t\t\t\t<div class=\"elementor-column elementor-col-33 elementor-top-column elementor-element elementor-element-24874420\" data-id=\"24874420\" data-element_type=\"column\" data-e-type=\"column\" data-settings=\"{&quot;background_background&quot;:&quot;classic&quot;}\">\n\t\t\t<div class=\"elementor-widget-wrap elementor-element-populated\">\n\t\t\t\t\t\t<div class=\"elementor-element elementor-element-7fa0d0d6 elementor-widget elementor-widget-image\" data-id=\"7fa0d0d6\" data-element_type=\"widget\" data-e-type=\"widget\" data-widget_type=\"image.default\">\n\t\t\t\t<div class=\"elementor-widget-container\">\n\t\t\t\t\t\t\t\t\t\t\t\t\t\t\t<img decoding=\"async\" width=\"300\" height=\"150\" src=\"https:\/\/www.WasserMeister.nrw\/wp-content\/uploads\/2021\/01\/nmheader_logo_web-300x150.jpg\" class=\"attachment-medium size-medium wp-image-49\" alt=\"\" srcset=\"https:\/\/www.WasserMeister.nrw\/wp-content\/uploads\/2021\/01\/nmheader_logo_web-300x150.jpg 300w, https:\/\/www.WasserMeister.nrw\/wp-content\/uploads\/2021\/01\/nmheader_logo_web.jpg 454w\" sizes=\"(max-width: 300px) 100vw, 300px\" \/>\t\t\t\t\t\t\t\t\t\t\t\t\t\t\t<\/div>\n\t\t\t\t<\/div>\n\t\t\t\t\t<\/div>\n\t\t<\/div>\n\t\t\t\t<div class=\"elementor-column elementor-col-33 elementor-top-column elementor-element elementor-element-344892a2\" data-id=\"344892a2\" data-element_type=\"column\" data-e-type=\"column\" data-settings=\"{&quot;background_background&quot;:&quot;classic&quot;}\">\n\t\t\t<div class=\"elementor-widget-wrap elementor-element-populated\">\n\t\t\t\t\t\t<div class=\"elementor-element elementor-element-39d40984 elementor-widget elementor-widget-image\" data-id=\"39d40984\" data-element_type=\"widget\" data-e-type=\"widget\" data-widget_type=\"image.default\">\n\t\t\t\t<div class=\"elementor-widget-container\">\n\t\t\t\t\t\t\t\t\t\t\t\t\t\t\t<img fetchpriority=\"high\" decoding=\"async\" width=\"591\" height=\"591\" src=\"https:\/\/www.WasserMeister.nrw\/wp-content\/uploads\/2021\/01\/Logo_Wassermeisterrand.png\" class=\"attachment-large size-large wp-image-456\" alt=\"\" srcset=\"https:\/\/www.WasserMeister.nrw\/wp-content\/uploads\/2021\/01\/Logo_Wassermeisterrand.png 591w, https:\/\/www.WasserMeister.nrw\/wp-content\/uploads\/2021\/01\/Logo_Wassermeisterrand-300x300.png 300w, https:\/\/www.WasserMeister.nrw\/wp-content\/uploads\/2021\/01\/Logo_Wassermeisterrand-150x150.png 150w\" sizes=\"(max-width: 591px) 100vw, 591px\" \/>\t\t\t\t\t\t\t\t\t\t\t\t\t\t\t<\/div>\n\t\t\t\t<\/div>\n\t\t\t\t\t<\/div>\n\t\t<\/div>\n\t\t\t\t<div class=\"elementor-column elementor-col-33 elementor-top-column elementor-element elementor-element-429d9588 elementor-hidden-tablet elementor-hidden-phone\" data-id=\"429d9588\" data-element_type=\"column\" data-e-type=\"column\" data-settings=\"{&quot;background_background&quot;:&quot;classic&quot;}\">\n\t\t\t<div class=\"elementor-widget-wrap elementor-element-populated\">\n\t\t\t\t\t\t<div class=\"elementor-element elementor-element-64987fca elementor-widget-tablet__width-inherit elementor-widget__width-inherit elementor-absolute elementor-widget elementor-widget-heading\" data-id=\"64987fca\" data-element_type=\"widget\" data-e-type=\"widget\" data-settings=\"{&quot;_position&quot;:&quot;absolute&quot;}\" data-widget_type=\"heading.default\">\n\t\t\t\t<div class=\"elementor-widget-container\">\n\t\t\t\t\t<h3 class=\"elementor-heading-title elementor-size-default\">INFO TELEFON: 0211 - 39 10 55<br><\/h3>\t\t\t\t<\/div>\n\t\t\t\t<\/div>\n\t\t\t\t\t<\/div>\n\t\t<\/div>\n\t\t\t\t\t<\/div>\n\t\t<\/section>\n\t\t\t\t<section class=\"elementor-section elementor-top-section elementor-element elementor-element-f34b9d3 elementor-section-boxed elementor-section-height-default elementor-section-height-default\" data-id=\"f34b9d3\" data-element_type=\"section\" data-e-type=\"section\">\n\t\t\t\t\t\t<div class=\"elementor-container elementor-column-gap-default\">\n\t\t\t\t\t<div class=\"elementor-column elementor-col-100 elementor-top-column elementor-element elementor-element-55c6827\" data-id=\"55c6827\" data-element_type=\"column\" data-e-type=\"column\">\n\t\t\t<div class=\"elementor-widget-wrap elementor-element-populated\">\n\t\t\t\t\t\t<div class=\"elementor-element elementor-element-fecd5fc elementor-widget elementor-widget-text-editor\" data-id=\"fecd5fc\" data-element_type=\"widget\" data-e-type=\"widget\" data-widget_type=\"text-editor.default\">\n\t\t\t\t<div class=\"elementor-widget-container\">\n\t\t\t\t\t\t\t\t\t<div id=\"content_dual\">\n<div id=\"content_left\">\n<h1>Datenschutz &#8211; Schutz personenbezogener Daten<\/h1>\n<p class=\"bodytext\"><b>1. Datenschutz auf einen Blick<\/b><\/p>\n<p><b>Allgemeine Hinweise<\/b><br>Die folgenden Hinweise geben einen einfachen \u00dcberblick dar\u00fcber, was mit Ihren personenbezogenen Daten passiert, wenn Sie unsere Website besuchen. Personenbezogene Daten sind alle Daten, mit denen Sie pers\u00f6nlich identifiziert werden k\u00f6nnen. Ausf\u00fchrliche Informationen zum Thema Datenschutzentnehmen Sie unserer unter diesem Text aufgef\u00fchrten Datenschutzerkl\u00e4rung.<\/p>\n<p><b>Datenerfassung auf unserer Website<\/b><br>Wer ist verantwortlich f\u00fcr die Datenerfassung auf dieser Website?<br>Die Datenverarbeitung auf dieser Website erfolgt durch den Websitebetreiber. Dessen Kontaktdaten k\u00f6nnen Sie dem Impressum dieser Website entnehmen.<\/p>\n<p><b>Wie erfassen wir Ihre Daten?<\/b><br>Ihre Daten werden zum einen dadurch erhoben, dass Sie uns diese mitteilen. Hierbei kann es sich z.B. um Daten handeln, die Sie in ein Kontaktformular eingeben. Andere Daten werden automatisch beim Besuch der Website durch unsere IT-Systeme erfasst. Das sind vor allem technische Daten (z.B. Internetbrowser, Betriebssystem oder Uhrzeit des Seitenaufrufs). Die Erfassung dieser Daten erfolgt automatisch, sobald Sie unsere Website betreten.<\/p>\n<p><b>Wof\u00fcr nutzen wir Ihre Daten?<\/b><br>Ein Teil der Daten wird erhoben, um eine fehlerfreie Bereitstellung der Website zu gew\u00e4hrleisten. Andere Daten k\u00f6nnen zur Analyse Ihres Nutzerverhaltens verwendet werden.<\/p>\n<p><b>Welche Rechte haben Sie bez\u00fcglich Ihrer Daten?<\/b><br>Sie haben jederzeit das Recht unentgeltlich Auskunft \u00fcber Herkunft, Empf\u00e4nger und Zweck Ihrer gespeicherten personenbezogenen Daten zu erhalten. Sie haben au\u00dferdem ein Recht, die Berichtigung, Sperrung oder L\u00f6schung dieser Daten zu verlangen. Hierzu sowie zu weiteren Fragen zum Thema Datenschutz k\u00f6nnen Sie sich jederzeit unter der im Impressum angegebenen Adresse an uns wenden.<br>Des Weiteren steht Ihnen ein Beschwerderecht bei der zust\u00e4ndigen Aufsichtsbeh\u00f6rde zu.<\/p>\n<p><b>2. Allgemeine Hinweise und Pflichtinformationen<\/b><\/p>\n<p><b>Datenschutz<\/b><br>Die Betreiber dieser Seiten nehmen den Schutz Ihrer pers\u00f6nlichen Daten sehr ernst. Wir behandeln Ihre personenbezogenen Daten vertraulich und entsprechend der gesetzlichen Datenschutzvorschriften sowie dieser Datenschutzerkl\u00e4rung.<br>Wenn Sie diese Website benutzen, werden verschiedene personenbezogene Daten erhoben.<br>Personenbezogene Daten sind Daten, mit denen Sie pers\u00f6nlich identifiziert werden k\u00f6nnen. Die vorliegende Datenschutzerkl\u00e4rung erl\u00e4utert, welche Daten wir erheben und wof\u00fcr wir sie nutzen. Sie erl\u00e4utert auch, wie und zu welchem Zweck das geschieht.<br>Wir weisen darauf hin, dass die Daten\u00fcbertragung im Internet (z.B. bei der Kommunikation per E-Mail) Sicherheitsl\u00fccken aufweisen kann. Ein l\u00fcckenloser Schutz der Daten vor dem Zugriff durch Dritte ist nicht<br>m\u00f6glich.<\/p>\n<p><b>Hinweis zur verantwortlichen Stelle<br><\/b>Die verantwortliche Stelle f\u00fcr die Datenverarbeitung auf dieser Website ist:<br>Niepmann GmbH<br>Volmerswerther Stra\u00dfe 43<br>40221 D\u00fcsseldorf<br><a class=\"mail\" title=\"Opens window for sending email\" href=\"mailto:niepmann@niepmann.gmbh\">niepmann@niepmann.gmbh<\/a><br>Telefon: +49 211 39 10 55<\/p>\n<p>Verantwortliche Stelle ist die nat\u00fcrliche oder juristische Person, die allein oder gemeinsam mit anderen \u00fcber die Zwecke und Mittel der Verarbeitung von personenbezogenen Daten (z.B. Namen, E-Mail-Adressen o. \u00c4.) entscheidet.<\/p>\n<p><b>Widerruf Ihrer Einwilligung zur Datenverarbeitung<\/b><br>Viele Datenverarbeitungsvorg\u00e4nge sind nur mit Ihrer ausdr\u00fccklichen Einwilligung m\u00f6glich. Sie k\u00f6nnen eine bereits erteilte Einwilligung jederzeit widerrufen. Dazu reicht eine formlose Mitteilung per E-Mail an uns. Die Rechtm\u00e4\u00dfigkeit der bis zum Widerruf erfolgten Datenverarbeitung bleibt vom Widerruf unber\u00fchrt.<\/p>\n<p><b>Recht auf Daten\u00fcbertragbarkeit<\/b><br>Sie haben das Recht, Daten, die wir auf Grundlage Ihrer Einwilligung oder in Erf\u00fcllung eines Vertrags automatisiert verarbeiten, an sich oder an einen Dritten in einem g\u00e4ngigen, maschinenlesbaren Format aush\u00e4ndigen zu lassen. Sofern Sie die direkte \u00dcbertragung der Daten an einen anderen Verantwortlichen verlangen, erfolgt dies nur, soweit es technisch machbar ist.<\/p>\n<p><b>Auskunft, Sperrung, L\u00f6schung<\/b><br>Sie haben im Rahmen der geltenden gesetzlichen Bestimmungen jederzeit das Recht auf unentgeltliche Auskunft \u00fcber Ihre gespeicherten personenbezogenen Daten, deren Herkunft und Empf\u00e4nger und den Zweck der Datenverarbeitung und ggf. ein Recht auf Berichtigung, Sperrung oder L\u00f6schung dieser Daten.<br>Hierzu sowie zu weiteren Fragen zum Thema personenbezogene Daten k\u00f6nnen Sie sich jederzeit unter der im Impressum angegebenen Adresse an uns wenden.<\/p>\n<p><b>Widerspruch gegen Werbe-Mails<\/b><br>Der Nutzung von im Rahmen der Impressumspflicht ver\u00f6ffentlichten Kontaktdaten zur \u00dcbersendung von nicht ausdr\u00fccklich angeforderter Werbung und Informationsmaterialien wird hiermit widersprochen. Die Betreiber der Seiten behalten sich ausdr\u00fccklich rechtliche Schritte im Falle der unverlangten Zusendung von Werbeinformationen, etwa durch Spam-E-Mails, vor.<\/p>\n<p><b>3. Datenerfassung auf unserer Website<\/b><\/p>\n<p><b>Server-Log-Dateien<\/b><br>Der Provider der Seiten erhebt und speichert automatisch Informationen in so genannten Server-Log-Dateien, die Ihr Browser automatisch an uns \u00fcbermittelt. Dies sind:<br>&#8211; Browsertyp und Browserversion<br>&#8211; verwendetes Betriebssystem<br>&#8211; Referrer URL<br>&#8211; Hostname des zugreifenden Rechners<br>&#8211; Uhrzeit der Serveranfrage<br>&#8211; IP-Adresse<\/p>\n<p>Eine Zusammenf\u00fchrung dieser Daten mit anderen Datenquellen wird nicht vorgenommen.<br>Grundlage f\u00fcr die Datenverarbeitung ist Art. 6 Abs. 1 lit. f DSGVO, der die Verarbeitung von Daten zur Erf\u00fcllung eines Vertrags oder vorvertraglicher Ma\u00dfnahmen gestattet.<\/p>\n<\/div>\n<div id=\"content_right\">\n<p class=\"bodytext\"><b>IP-Anonymisierung <\/b><br>Wir haben auf dieser Website die Funktion IP-Anonymisierung aktiviert. Dadurch wird Ihre IP-Adresse von Google innerhalb von Mitgliedstaaten der Europ\u00e4ischen Union oder in anderen Vertragsstaaten des Abkommens \u00fcber den Europ\u00e4ischen Wirtschaftsraum vor der \u00dcbermittlung in die USA gek\u00fcrzt. Nur in Ausnahmef\u00e4llen wird die volle IP-Adresse an einen Server von Google in den USA \u00fcbertragen und dort gek\u00fcrzt. Im Auftrag des Betreibers dieser Website wird Google diese Informationen benutzen, um Ihre Nutzung der Website auszuwerten, um Reports \u00fcber die Websiteaktivit\u00e4ten zusammenzustellen und um weitere mit der Websitenutzung und der Internetnutzung verbundene Dienstleistungen gegen\u00fcber dem Websitebetreiber zu erbringen. Die im Rahmen von Google Analytics von Ihrem Browser \u00fcbermittelte IPAdresse wird nicht mit anderen Daten von Google zusammengef\u00fchrt.<br>Sie k\u00f6nnen die Speicherung der Cookies durch eine entsprechende Einstellung Ihrer Browser-Software verhindern; wir weisen Sie jedoch darauf hin, dass Sie in diesem Fall gegebenenfalls nicht s\u00e4mtliche Funktionen dieser Website vollumf\u00e4nglich werden nutzen k\u00f6nnen.<\/p>\n<p>Sie k\u00f6nnen dar\u00fcber hinaus die Erfassung der durch das Cookie erzeugten und auf Ihre Nutzung der Website bezogenen Daten (inkl. Ihrer IP-Adresse) an Google sowie die Verarbeitung dieser Daten durch Google verhindern, indem Sie das unter dem folgenden Link verf\u00fcgbare Browser-Plugin herunterladen und installieren: <a href=\"http:\/\/tools.google.com\/dlpage\/gaoptout\">tools.google.com\/dlpage\/gaoptout<\/a> N\u00e4here Informationen zu Nutzungsbedingungen und Datenschutz finden Sie unter den Google Analytics Bedingungen bzw. unter der Google Analytics \u00dcbersicht.<\/p>\n<p>Wir weisen Sie darauf hin, dass auf dieser Webseite Google Analytics um den Code &#8222;gat._anonymizeIp();&#8220; erweitert wurde, um eine anonymisierte Erfassung von IP-Adressen (sog. IP-Masking) zu gew\u00e4hrleisten.<\/p>\n<p><b>Google Analytics <\/b><br>Diese Website nutzt Funktionen des Webanalysedienstes Google Analytics. Anbieter ist die Google Inc.,1600 Amphitheatre Parkway Mountain View, CA 94043, USA. Google Analytics verwendet so genannte &#8222;Cookies&#8220;. Das sind Textdateien, die auf Ihrem Computer gespeichert werden und die eine Analyse der Benutzung der Website durch Sie erm\u00f6glichen.<\/p>\n<p>Die durch den Cookie erzeugten Informationen \u00fcber Ihre Benutzung dieser Website werden in der Regel an einen Server von Google in den USA \u00fcbertragen und dort gespeichert.<\/p>\n<\/div>\n<\/div>\n<h5>&nbsp;<\/h5>\t\t\t\t\t\t\t\t<\/div>\n\t\t\t\t<\/div>\n\t\t\t\t\t<\/div>\n\t\t<\/div>\n\t\t\t\t\t<\/div>\n\t\t<\/section>\n\t\t\t\t<\/div>\n\t\t","protected":false},"excerpt":{"rendered":"<p>INFO TELEFON: 0211 &#8211; 39 10 55 Datenschutz &#8211; Schutz personenbezogener Daten 1. Datenschutz auf einen Blick Allgemeine HinweiseDie folgenden Hinweise geben einen einfachen \u00dcberblick dar\u00fcber, was mit Ihren personenbezogenen Daten passiert, wenn Sie unsere Website besuchen. Personenbezogene Daten sind alle Daten, mit denen Sie pers\u00f6nlich identifiziert werden k\u00f6nnen. Ausf\u00fchrliche Informationen zum Thema Datenschutzentnehmen Sie [&hellip;]<\/p>\n","protected":false},"author":2,"featured_media":0,"parent":0,"menu_order":0,"comment_status":"closed","ping_status":"closed","template":"elementor_canvas","meta":{"footnotes":""},"class_list":["post-370","page","type-page","status-publish","hentry"],"_links":{"self":[{"href":"https:\/\/www.WasserMeister.nrw\/wassermeister-nrw\/wp-json\/wp\/v2\/pages\/370","targetHints":{"allow":["GET"]}}],"collection":[{"href":"https:\/\/www.WasserMeister.nrw\/wassermeister-nrw\/wp-json\/wp\/v2\/pages"}],"about":[{"href":"https:\/\/www.WasserMeister.nrw\/wassermeister-nrw\/wp-json\/wp\/v2\/types\/page"}],"author":[{"embeddable":true,"href":"https:\/\/www.WasserMeister.nrw\/wassermeister-nrw\/wp-json\/wp\/v2\/users\/2"}],"replies":[{"embeddable":true,"href":"https:\/\/www.WasserMeister.nrw\/wassermeister-nrw\/wp-json\/wp\/v2\/comments?post=370"}],"version-history":[{"count":15,"href":"https:\/\/www.WasserMeister.nrw\/wassermeister-nrw\/wp-json\/wp\/v2\/pages\/370\/revisions"}],"predecessor-version":[{"id":1039,"href":"https:\/\/www.WasserMeister.nrw\/wassermeister-nrw\/wp-json\/wp\/v2\/pages\/370\/revisions\/1039"}],"wp:attachment":[{"href":"https:\/\/www.WasserMeister.nrw\/wassermeister-nrw\/wp-json\/wp\/v2\/media?parent=370"}],"curies":[{"name":"wp","href":"https:\/\/api.w.org\/{rel}","templated":true}]}}